{"id":60,"date":"2019-12-15T01:57:33","date_gmt":"2019-12-15T01:57:33","guid":{"rendered":"http:\/\/azduifirm.com\/?page_id=60"},"modified":"2025-02-04T22:47:35","modified_gmt":"2025-02-04T22:47:35","slug":"dui-law","status":"publish","type":"page","link":"https:\/\/azduifirm.com\/es\/dui-law\/","title":{"rendered":"Leyes sobre Conducir Bajo los Efectos"},"content":{"rendered":"<div class=\"wp-block-image is-resized\">\n<figure class=\"aligncenter size-large\"><img loading=\"lazy\" decoding=\"async\" width=\"1000\" height=\"600\" src=\"http:\/\/azduifirm.com\/wp-content\/uploads\/2020\/06\/dui-lawyer.jpg\" alt=\"\" class=\"wp-image-82\" srcset=\"https:\/\/azduifirm.com\/wp-content\/uploads\/2020\/06\/dui-lawyer.jpg 1000w, https:\/\/azduifirm.com\/wp-content\/uploads\/2020\/06\/dui-lawyer-300x180.jpg 300w, https:\/\/azduifirm.com\/wp-content\/uploads\/2020\/06\/dui-lawyer-768x461.jpg 768w\" sizes=\"auto, (max-width: 1000px) 100vw, 1000px\" \/><\/figure>\n<\/div>\n\n\n<p>Obtener un DUI en Phoenix, Arizona o las ciudades a su alrededor puede ser un acontecimiento aterrador. Enfrentar su caso de DUI o conducir bajo los efectos en un juzgado en Arizona puede ser un proceso aun m\u00e1s intimidante. Usted necesita a un Licenciado de DUI en Phoenix que conoce las Leyes de DUI en Arizona. La Firma de Leyes Neufeld PLC tiene abogados en el Condado Maricopa que se especializan en el \u00e1rea de DUI y saben c\u00f3mo funcionan las leyes de DUI dentro del sistema legal en Arizona y lo pueden guiar paso a paso en el proceso. Si usted fue arrestado por un DUI en el Condado Maricopa o por cualquier otro delito de conducir bajo los efectos, nosotros pelearemos por sus derechos y llevaremos a cabo una defensa agresiva en su caso de felon\u00eda o delito menor.<\/p>\n\n\n\n<p>En la Firma de Leyes Neufeld PLC, nuestros licenciados con experiencia en DUI\/Conducir Bajo Los Efectos, entienden las consecuencias graves que pueden resultar de un arresto por conducir bajo los efectos del alcohol y\/o drogas y proveen servicio a los clientes en todo el alrededor de Arizona incluyendo: Phoenix, Scottsdale, Tempe, Mesa, Chandler, Gilbert, Surprise, Maricopa, y Peoria. Una convicci\u00f3n de DUI\/Conducir ebrio puede resultar en; perdida de reputaci\u00f3n, multas altas, asistencia mandatoria de clases educativas de alcohol, suspensi\u00f3n o revocaci\u00f3n de su licencia, aumento de su cuota de seguro de auto o cancelaci\u00f3n de su p\u00f3liza, instalar un aparato de interruptor de arranque en su veh\u00edculo, encarcelamiento y en algunos casos, ir a prisi\u00f3n. En Arizona, donde existen las leyes m\u00e1s duras de DUI en el pa\u00eds, un DUI podr\u00eda ser devastador para la carrera de una persona al igual que para su vida personal.<\/p>\n\n\n\n<p>La Firma de Leyes Neufeld PLC se enfoca en cada caso d\u00e1ndole el cuidado y atenci\u00f3n que usted espera y merece recibir. Llevaremos a cabo una revisi\u00f3n cuidadosa del informe de la polic\u00eda, las declaraciones de testigos, y su versi\u00f3n de los hechos. Nuestro equipo de abogados en el \u00e1rea de DUI\/Conducir ebrio trabajaran para conseguirle el mejor resultado posible. Trabajaremos con empe\u00f1o para poder defender su caso de manera agresiva y haremos todo lo posible para asegurar que su caso de DUI\/Conducir ebrio tenga el mejor resultado posible bajo las circunstancias.<\/p>\n\n\n\n<p>Informaci\u00f3n sobre las leyes de DUI en Arizona: A.R.S. 28-1381. Conducir o tener control actual f\u00edsico mientras se encontraba bajo los efectos, DUI B\u00e1sico A.R.S. 28-1381A1 y A.R.S. 28-1381A2.<\/p>\n\n\n\n<p>Pena m\u00ednima mandatoria para una primera infracci\u00f3n de DUI: 10 d\u00edas de encarcelamiento de los cuales hasta 9 se podr\u00edan suspender al cumplir con \u00e9xito las clases de alcohol (m\u00ednimo 24 horas de encarcelamiento), $480 de multa (incluyendo recargos), $1000 en cuotas, 12 meses de uso del aparato de interruptor de arranque, suspensi\u00f3n mandatoria de su licencia por 90 d\u00edas.<\/p>\n\n\n\n<p>Para ver A.R.S 28-1381 (Ley Vigente del Estado de Arizona) en su integridad, haz clic aqu\u00ed:<\/p>\n\n\n\n<p><a href=\"http:\/\/www.azleg.state.az.us\/ars\/28\/01382.htm\">http:\/\/www.azleg.state.az.us\/ars\/28\/01382.htm<\/a><\/p>\n\n\n\n<p>Pena m\u00ednima mandatoria para una primera infracci\u00f3n de DUI a grado extremo: 30 d\u00edas de encarcelamiento de los cuales ninguno se puede suspender, $480 de multa (incluyendo recargos), $250 para la evaluaci\u00f3n de alcohol, $2000 en cuotas, el uso del aparato de interruptor de arranque, y suspensi\u00f3n mandatoria de su licencia. Despu\u00e9s de que purgue una porci\u00f3n del tiempo de encarcelamiento, podr\u00eda ser elegible para salir bajo liberaci\u00f3n de trabajo o para el programa de arresto domiciliario dependiendo en los programas que haga disponible el fiscal.<\/p>\n","protected":false},"excerpt":{"rendered":"<p>Obtener un DUI en Phoenix, Arizona o las ciudades a su alrededor puede ser un&#8230;<\/p>\n<div class=\"more-link-wrapper\"><a class=\"more-link\" href=\"https:\/\/azduifirm.com\/es\/dui-law\/\">Read the post<span class=\"screen-reader-text\">Leyes sobre Conducir Bajo los Efectos<\/span><\/a><\/div>\n","protected":false},"author":1,"featured_media":0,"parent":0,"menu_order":0,"comment_status":"closed","ping_status":"closed","template":"","meta":{"footnotes":""},"class_list":["post-60","page","type-page","status-publish","hentry","excerpt","full-without-featured","even","excerpt-0"],"translation":{"provider":"WPGlobus","version":"3.0.0","language":"es","enabled_languages":["en","es"],"languages":{"en":{"title":true,"content":true,"excerpt":false},"es":{"title":true,"content":true,"excerpt":false}}},"_links":{"self":[{"href":"https:\/\/azduifirm.com\/es\/wp-json\/wp\/v2\/pages\/60","targetHints":{"allow":["GET"]}}],"collection":[{"href":"https:\/\/azduifirm.com\/es\/wp-json\/wp\/v2\/pages"}],"about":[{"href":"https:\/\/azduifirm.com\/es\/wp-json\/wp\/v2\/types\/page"}],"author":[{"embeddable":true,"href":"https:\/\/azduifirm.com\/es\/wp-json\/wp\/v2\/users\/1"}],"replies":[{"embeddable":true,"href":"https:\/\/azduifirm.com\/es\/wp-json\/wp\/v2\/comments?post=60"}],"version-history":[{"count":2,"href":"https:\/\/azduifirm.com\/es\/wp-json\/wp\/v2\/pages\/60\/revisions"}],"predecessor-version":[{"id":113,"href":"https:\/\/azduifirm.com\/es\/wp-json\/wp\/v2\/pages\/60\/revisions\/113"}],"wp:attachment":[{"href":"https:\/\/azduifirm.com\/es\/wp-json\/wp\/v2\/media?parent=60"}],"curies":[{"name":"wp","href":"https:\/\/api.w.org\/{rel}","templated":true}]}}