{"id":54,"date":"2019-12-15T01:50:08","date_gmt":"2019-12-15T01:50:08","guid":{"rendered":"http:\/\/azduifirm.com\/?page_id=54"},"modified":"2025-02-04T22:46:47","modified_gmt":"2025-02-04T22:46:47","slug":"criminal-law","status":"publish","type":"page","link":"https:\/\/azduifirm.com\/es\/criminal-law\/","title":{"rendered":"Derecho Penal"},"content":{"rendered":"\n<figure class=\"wp-block-image\" id=\"block-73bef50a-7cb6-40df-adf7-2fe292adfa55\"><img decoding=\"async\" src=\"http:\/\/azduifirm.com\/wp-content\/uploads\/2020\/06\/criminal-lawyer.jpg\" alt=\"This image has an empty alt attribute; its file name is criminal-lawyer.jpg\"\/><\/figure>\n\n\n\n<p id=\"block-00127aa2-8012-40e8-8adc-867a1fd479f8\">Si se le acusa de un crimen de felon\u00eda o delito menor en Arizona, comun\u00edquese con la Firma de Leyes Neufeld PLC de inmediato. Enfrentar su caso Penal de Arizona en el juzgado puede ser un proceso muy intimidante. Usted necesita de un Licenciado de derecho penal en Phoenix que conozca las leyes penales de Arizona. La Firma de Leyes Neufeld PLC tiene abogados con experiencia en el \u00e1rea de derecho penal, que saben c\u00f3mo funcionan las leyes penales dentro del sistema legal en Arizona y lo pueden guiar paso a paso en el proceso. Si usted fue arrestado por un delito penal en el Condado Maricopa o por un delito de conducir bajo los efectos, nosotros pelearemos por sus derechos y llevaremos a cabo una defensa agresiva en su caso de felon\u00eda o delito menor. Ya sea por posesi\u00f3n de Marihuana, un delito menor de agresi\u00f3n, o un caso m\u00e1s grave, comun\u00edquese con uno de nuestros abogados con experiencia. En algunos casos, cuando se trata de una primera ofensa, puede ser que califique para el programa de desviaci\u00f3n o consejer\u00eda, lo cual le permitir\u00eda arreglar su caso sin tener que ir a juicio o sin adquirir antecedentes penales.<\/p>\n\n\n\n<p id=\"block-8db682cd-0688-44f7-bd6f-eba8b4e88ce5\">En la Firma de Leyes Neufeld PLC, nuestros licenciados con experiencia en derecho penal\/conducir bajo los efectos, entienden los efectos graves que pueden resultar de un arresto en Arizona y proveen servicio a los clientes en todo el alrededor de Arizona incluyendo: Phoenix, Scottsdale, Tempe, Mesa, Chandler, Gilbert, Surprise, Maricopa, y Peoria. Con las leyes penales m\u00e1s duras del pa\u00eds, una convicci\u00f3n en Arizona podr\u00eda ser devastador para la carrera de una persona al igual que para su vida personal.<\/p>\n\n\n\n<p id=\"block-09d12144-8258-4df6-a45f-be6206e61b7b\">La Firma de Leyes Neufeld PLC se enfoca en cada caso d\u00e1ndole el cuidado y atenci\u00f3n que usted espera y merece recibir. Llevaremos a cabo una revisi\u00f3n cuidadosa del informe de la polic\u00eda, las declaraciones de testigos, y su versi\u00f3n de los hechos. Nuestro equipo de abogados en el \u00e1rea de Derecho Penal\/Conducir Bajo los Efectos trabajaran para conseguirle el mejor resultado posible. Trabajaremos con empe\u00f1o para poder defender su caso de manera agresiva y haremos todo lo posible para asegurar que usted obtenga el mejor resultado posible.<\/p>\n","protected":false},"excerpt":{"rendered":"<p>Si se le acusa de un crimen de felon\u00eda o delito menor en Arizona, comun\u00edquese&#8230;<\/p>\n<div class=\"more-link-wrapper\"><a class=\"more-link\" href=\"https:\/\/azduifirm.com\/es\/criminal-law\/\">Read the post<span class=\"screen-reader-text\">Derecho Penal<\/span><\/a><\/div>\n","protected":false},"author":1,"featured_media":0,"parent":0,"menu_order":0,"comment_status":"closed","ping_status":"closed","template":"","meta":{"footnotes":""},"class_list":["post-54","page","type-page","status-publish","hentry","excerpt","full-without-featured","even","excerpt-0"],"translation":{"provider":"WPGlobus","version":"3.0.0","language":"es","enabled_languages":["en","es"],"languages":{"en":{"title":true,"content":true,"excerpt":false},"es":{"title":true,"content":true,"excerpt":false}}},"_links":{"self":[{"href":"https:\/\/azduifirm.com\/es\/wp-json\/wp\/v2\/pages\/54","targetHints":{"allow":["GET"]}}],"collection":[{"href":"https:\/\/azduifirm.com\/es\/wp-json\/wp\/v2\/pages"}],"about":[{"href":"https:\/\/azduifirm.com\/es\/wp-json\/wp\/v2\/types\/page"}],"author":[{"embeddable":true,"href":"https:\/\/azduifirm.com\/es\/wp-json\/wp\/v2\/users\/1"}],"replies":[{"embeddable":true,"href":"https:\/\/azduifirm.com\/es\/wp-json\/wp\/v2\/comments?post=54"}],"version-history":[{"count":5,"href":"https:\/\/azduifirm.com\/es\/wp-json\/wp\/v2\/pages\/54\/revisions"}],"predecessor-version":[{"id":112,"href":"https:\/\/azduifirm.com\/es\/wp-json\/wp\/v2\/pages\/54\/revisions\/112"}],"wp:attachment":[{"href":"https:\/\/azduifirm.com\/es\/wp-json\/wp\/v2\/media?parent=54"}],"curies":[{"name":"wp","href":"https:\/\/api.w.org\/{rel}","templated":true}]}}