{"id":40,"date":"2019-12-15T01:35:07","date_gmt":"2019-12-15T01:35:07","guid":{"rendered":"http:\/\/azduifirm.com\/?page_id=40"},"modified":"2025-02-04T22:45:27","modified_gmt":"2025-02-04T22:45:27","slug":"immigration-law","status":"publish","type":"page","link":"https:\/\/azduifirm.com\/es\/immigration-law\/","title":{"rendered":"Leyes de Inmigraci\u00f3n"},"content":{"rendered":"<div class=\"wp-block-image is-resized\">\n<figure class=\"aligncenter size-large\"><img loading=\"lazy\" decoding=\"async\" width=\"1000\" height=\"600\" src=\"http:\/\/azduifirm.com\/wp-content\/uploads\/2020\/06\/immigration-lawyer.jpg\" alt=\"\" class=\"wp-image-83\" srcset=\"https:\/\/azduifirm.com\/wp-content\/uploads\/2020\/06\/immigration-lawyer.jpg 1000w, https:\/\/azduifirm.com\/wp-content\/uploads\/2020\/06\/immigration-lawyer-300x180.jpg 300w, https:\/\/azduifirm.com\/wp-content\/uploads\/2020\/06\/immigration-lawyer-768x461.jpg 768w\" sizes=\"auto, (max-width: 1000px) 100vw, 1000px\" \/><\/figure>\n<\/div>\n\n\n<p>AJUSTE DE ESTATUS (IE Tarjeta de Residencia Permanente para las personas relacionadas por medio de matrimonio o otros medios a un Ciudadanos de los Estados Unidos o Residente Permanente.<\/p>\n\n\n\n<p>Arizona recientemente promulg\u00f3 leyes que convierten el estado en un lugar hostil para los inmigrantes. Que no lo agarren aqu\u00ed sin tener estatus legal. Si usted est\u00e1 casado o est\u00e1 relacionado a un Ciudadano Estado Unidense y entro al pa\u00eds legalmente, existe buena probabilidad de que le podamos ayudar a conseguir su Residencia Permanente, aun si ya expiro o sobrepaso su permiso para estar aqu\u00ed. Nosotros asentaremos su papeleo para el ajuste de estatus (I-130, I-485). Nosotros lo guiaremos a trav\u00e9s del proceso migratorio y mandaremos a un Abogado a la entrevista con usted. No pase otro d\u00eda viviendo en Scottsdale, Phoenix, Mesa, Tempe, Glendale o Chandler sin su tarjeta de residencia permanente. Nosotros asentaremos la petici\u00f3n para que se convierta en residente permanente. Eventualmente, por medio del proceso usted se podr\u00e1 convertir en un residente permanente o Ciudadano Americano.<\/p>\n\n\n\n<p>Si usted est\u00e1 casado con un Ciudadano Americano y no entro al pa\u00eds legalmente, es posible que tambi\u00e9n podamos ayudarle. Por medio del ajuste de estatus consular, es posible que usted tenga un alivio migratorio para resolver su problema de inmigraci\u00f3n. No permita que lo agarren en Phoenix sin tener su residencia permanente; el Alguacil Joe y sus agentes quieren deportar a cualquier cosa que se mueve.<\/p>\n\n\n\n<p><strong>Fianzas de Inmigraci\u00f3n<\/strong><\/p>\n\n\n\n<p>Si alguien cercano a usted est\u00e1 detenido en Florence o Eloy o con ICE en Phoenix no pierda la esperanza. En muchos casos es posible obtener una audiencia ante un juez o negociar con ICE para sacarlos bajo libertad. Si esto ocurre pida ayuda con nosotros de inmediato porque cada hora cuenta.<\/p>\n\n\n\n<p><strong>Cancelaci\u00f3n de Deportaci\u00f3n<\/strong><\/p>\n\n\n\n<p>Si su ser querido est\u00e1 detenido por ICEno pierda la esperanza. Es posible que califique para el ajuste de estatus o cancelaci\u00f3n de deportaci\u00f3n. Si su ser querido ha estado aqu\u00ed durante un periodo prolongado de tiempo y si el ser deportado causar\u00eda dificultades extremas a un Ciudadano Americano, podr\u00eda ser elegible para la 42A o 42B cancelaci\u00f3n de deportaci\u00f3n. Incluso si han sido condenados por un delito, es posible que podamos ayudarle si el delito no est\u00e1 bajo determinada categor\u00eda. Ya que alguien es deportado es mucho m\u00e1s dif\u00edcil que vuelvan al pa\u00eds legalmente, as\u00ed que luche para mantener a su pariente en Arizona antes de que sea demasiado tarde.<\/p>\n","protected":false},"excerpt":{"rendered":"<p>AJUSTE DE ESTATUS (IE Tarjeta de Residencia Permanente para las personas relacionadas por medio de&#8230;<\/p>\n<div class=\"more-link-wrapper\"><a class=\"more-link\" href=\"https:\/\/azduifirm.com\/es\/immigration-law\/\">Read the post<span class=\"screen-reader-text\">Leyes de Inmigraci\u00f3n<\/span><\/a><\/div>\n","protected":false},"author":1,"featured_media":0,"parent":0,"menu_order":0,"comment_status":"closed","ping_status":"closed","template":"","meta":{"footnotes":""},"class_list":["post-40","page","type-page","status-publish","hentry","excerpt","full-without-featured","even","excerpt-0"],"translation":{"provider":"WPGlobus","version":"3.0.0","language":"es","enabled_languages":["en","es"],"languages":{"en":{"title":true,"content":true,"excerpt":false},"es":{"title":true,"content":true,"excerpt":false}}},"_links":{"self":[{"href":"https:\/\/azduifirm.com\/es\/wp-json\/wp\/v2\/pages\/40","targetHints":{"allow":["GET"]}}],"collection":[{"href":"https:\/\/azduifirm.com\/es\/wp-json\/wp\/v2\/pages"}],"about":[{"href":"https:\/\/azduifirm.com\/es\/wp-json\/wp\/v2\/types\/page"}],"author":[{"embeddable":true,"href":"https:\/\/azduifirm.com\/es\/wp-json\/wp\/v2\/users\/1"}],"replies":[{"embeddable":true,"href":"https:\/\/azduifirm.com\/es\/wp-json\/wp\/v2\/comments?post=40"}],"version-history":[{"count":5,"href":"https:\/\/azduifirm.com\/es\/wp-json\/wp\/v2\/pages\/40\/revisions"}],"predecessor-version":[{"id":110,"href":"https:\/\/azduifirm.com\/es\/wp-json\/wp\/v2\/pages\/40\/revisions\/110"}],"wp:attachment":[{"href":"https:\/\/azduifirm.com\/es\/wp-json\/wp\/v2\/media?parent=40"}],"curies":[{"name":"wp","href":"https:\/\/api.w.org\/{rel}","templated":true}]}}