{"id":13,"date":"2019-12-13T04:32:59","date_gmt":"2019-12-13T04:32:59","guid":{"rendered":"http:\/\/azduifirm.com\/?page_id=13"},"modified":"2025-02-04T22:51:25","modified_gmt":"2025-02-04T22:51:25","slug":"home","status":"publish","type":"page","link":"https:\/\/azduifirm.com\/es\/","title":{"rendered":"En la Firma de Leyes Neufeld PLC"},"content":{"rendered":"<div class=\"wp-block-image is-resized is-style-rounded\">\n<figure class=\"aligncenter size-large\"><img loading=\"lazy\" decoding=\"async\" width=\"1000\" height=\"922\" src=\"http:\/\/azduifirm.com\/wp-content\/uploads\/2020\/06\/neufeld_law_firm_plc-1.jpg\" alt=\"\" class=\"wp-image-84\" style=\"width:229px\" srcset=\"https:\/\/azduifirm.com\/wp-content\/uploads\/2020\/06\/neufeld_law_firm_plc-1.jpg 1000w, https:\/\/azduifirm.com\/wp-content\/uploads\/2020\/06\/neufeld_law_firm_plc-1-300x277.jpg 300w, https:\/\/azduifirm.com\/wp-content\/uploads\/2020\/06\/neufeld_law_firm_plc-1-768x708.jpg 768w\" sizes=\"auto, (max-width: 1000px) 100vw, 1000px\" \/><\/figure>\n<\/div>\n\n\n<p>En La Oficina De Leyes Neufeld PLC ejercemos en el \u00e1rea de Derecho Penal, DUI, y Casos de Inmigraci\u00f3n. Si usted es acusado de un delito o necesita ayuda con su caso de Inmigraci\u00f3n, nosotros con gusto le proveeremos excelente representaci\u00f3n legal en el \u00e1rea metro de Phoenix y a sus alrededores. Llame a nuestra firma si necesita un Licenciado en Arizona. Servimos las ciudades de Phoenix, Scottsdale, Tempe, Mesa, Glendale, Goodyear, Gilbert, Surprise, Peoria, Chandler, y tambi\u00e9n tratamos asuntos en Eloy y Florence Arizona. Comun\u00edquese hoy mismo con nuestros Licenciados con experiencia en \u00e1reas de Derecho Penal y Inmigraci\u00f3n para que le puedan ayudar con su caso. Ofrecemos pagos de enganche bajos, planes de pago flexibles, y hacemos todo lo posible por mantener un costo razonable. Si usted o un ser querido es arrestado por DUI, un Delito Penal, o un asunto de Inmigraci\u00f3n comun\u00edquese hoy mismo.<\/p>\n\n\n\n<p>La Firma De Leyes Neufeld PLC est\u00e1 localizada en el 2600 N 44th Street Suite 107 Phoenix, AZ 85008. Estamos localizados sobre la 44th Calle entre la Van Buren y la carretera Mcdowell, al sur del 202. Nuestra oficina se encuentra en el 3er piso del Centro Cultural Chino (Cofco). Por favor entre por la puerta que indica EAST WING localizada enseguida del Buddha Dorado, y tome el elevador al 3er piso. No dude en comunicarse con nuestra oficina al <a href=\"http:\/\/(602)685-1112\">(602)685-1112<\/a> para fijar una consulta o puede mandar un mensaje a la direcci\u00f3n de correo electr\u00f3nico indicada abajo.<\/p>\n\n\n\n<p>Solamente en caso de emergencia, se puede comunicar con un abogado las 24 horas del d\u00eda al <a href=\"http:\/\/(520)245-8027\">(520)245-8027<\/a> o <a href=\"http:\/\/(480)442-9832\">(480)442-9832<\/a>.<\/p>\n","protected":false},"excerpt":{"rendered":"<p>En La Oficina De Leyes Neufeld PLC ejercemos en el \u00e1rea de Derecho Penal, DUI,&#8230;<\/p>\n<div class=\"more-link-wrapper\"><a class=\"more-link\" href=\"https:\/\/azduifirm.com\/es\/\">Read the post<span class=\"screen-reader-text\">En la Firma de Leyes Neufeld PLC<\/span><\/a><\/div>\n","protected":false},"author":1,"featured_media":0,"parent":0,"menu_order":0,"comment_status":"closed","ping_status":"closed","template":"","meta":{"footnotes":""},"class_list":["post-13","page","type-page","status-publish","hentry","excerpt","full-without-featured","even","excerpt-0"],"translation":{"provider":"WPGlobus","version":"3.0.0","language":"es","enabled_languages":["en","es"],"languages":{"en":{"title":true,"content":true,"excerpt":false},"es":{"title":true,"content":true,"excerpt":false}}},"_links":{"self":[{"href":"https:\/\/azduifirm.com\/es\/wp-json\/wp\/v2\/pages\/13","targetHints":{"allow":["GET"]}}],"collection":[{"href":"https:\/\/azduifirm.com\/es\/wp-json\/wp\/v2\/pages"}],"about":[{"href":"https:\/\/azduifirm.com\/es\/wp-json\/wp\/v2\/types\/page"}],"author":[{"embeddable":true,"href":"https:\/\/azduifirm.com\/es\/wp-json\/wp\/v2\/users\/1"}],"replies":[{"embeddable":true,"href":"https:\/\/azduifirm.com\/es\/wp-json\/wp\/v2\/comments?post=13"}],"version-history":[{"count":10,"href":"https:\/\/azduifirm.com\/es\/wp-json\/wp\/v2\/pages\/13\/revisions"}],"predecessor-version":[{"id":114,"href":"https:\/\/azduifirm.com\/es\/wp-json\/wp\/v2\/pages\/13\/revisions\/114"}],"wp:attachment":[{"href":"https:\/\/azduifirm.com\/es\/wp-json\/wp\/v2\/media?parent=13"}],"curies":[{"name":"wp","href":"https:\/\/api.w.org\/{rel}","templated":true}]}}